{"id":41633,"date":"2023-12-20T14:44:47","date_gmt":"2023-12-20T13:44:47","guid":{"rendered":"https:\/\/polonorama.com\/?page_id=41633"},"modified":"2025-01-02T20:25:37","modified_gmt":"2025-01-02T19:25:37","slug":"oroi-chrisis","status":"publish","type":"page","link":"https:\/\/polonorama.com\/el\/sxetika-me-emas\/oroi-chrisis\/","title":{"rendered":"\u039f\u03c1\u03bf\u03b9 \u03a7\u03c1\u03ae\u03c3\u03b7\u03c2"},"content":{"rendered":"<div class=\"wpb-content-wrapper\"><div id=\"tdi_1\" class=\"tdc-row\"><div class=\"vc_row tdi_2  wpb_row td-pb-row\" >\n<style scoped>\n\/* custom css - generated by TagDiv Composer *\/\n\n\/* custom css - generated by TagDiv Composer *\/\n.tdi_2,\r\n                .tdi_2 .tdc-columns{\r\n                    min-height: 0;\r\n                }.tdi_2,\r\n\t\t\t\t.tdi_2 .tdc-columns{\r\n\t\t\t\t    display: block;\r\n\t\t\t\t}.tdi_2 .tdc-columns{\r\n\t\t\t\t    width: 100%;\r\n\t\t\t\t}.tdi_2:before,\r\n\t\t\t\t.tdi_2:after{\r\n\t\t\t\t    display: table;\r\n\t\t\t\t}\n<\/style><div class=\"vc_column tdi_4  wpb_column vc_column_container tdc-column td-pb-span12\">\n<style scoped>\n\/* custom css - generated by TagDiv Composer *\/\n\n\/* custom css - generated by TagDiv Composer *\/\n.tdi_4{\r\n                    vertical-align: baseline;\r\n                }.tdi_4 > .wpb_wrapper,\r\n\t\t\t\t.tdi_4 > .wpb_wrapper > .tdc-elements{\r\n\t\t\t\t    display: block;\r\n\t\t\t\t}.tdi_4 > .wpb_wrapper > .tdc-elements{\r\n\t\t\t\t    width: 100%;\r\n\t\t\t\t}.tdi_4 > .wpb_wrapper > .vc_row_inner{\r\n\t\t\t\t    width: auto;\r\n\t\t\t\t}.tdi_4 > .wpb_wrapper{\r\n\t\t\t\t    width: auto;\r\n\t\t\t\t    height: auto;\r\n\t\t\t\t}\n<\/style><div class=\"wpb_wrapper\" >[vc_column_text css=&#8221;&#8221;][vc_column_text]Odwiedzaj\u0105cy \/ u\u017cytkownik stron i us\u0142ugi na naszej strony internetowej www.polonorama.com powinien uwa\u017cnie przeczyta\u0107 Regulamin i warunki us\u0142ug jakie okre\u015bla serwis przed jego wizyt\u0105.\u00a0 W przypadku stwierdzenia niezgody z jakikolwiek stwierdzeniem niniejszej umowy, u\u017cytkownik nie powinien korzysta\u0107 z serwisu. W przeciwnym razie b\u0119dzie uznane, \u017ce u\u017cytkownik akceptuje i wyra\u017ca zgod\u0119 z jego strony na podleganie wszystkim postanowieniom niniejszej umowy oraz zachowanie zgodno\u015bci z jej postanowieniami.\r\n\r\nNast\u0119puj\u0105ce warunki dotycz\u0105\u00a0 wszystkich zawarto\u015bci(tre\u015bci) i us\u0142ug zawartych na naszej\u00a0 stronie. Serwis www.polonorama.com w ka\u017cdej chwili mo\u017ce zmieni\u0107 warunki korzystania z serwisu dlatego u\u017cytkownik \/ go\u015b\u0107,\u00a0 stad wa\u017cne jest by u\u017cytkownik przeanalizowa\u0142 niniejsz\u0105 umow\u0119 u\u017cytkownika przy ka\u017cdej wizycie na niniejszej Witrynie. Jednocze\u015bnie powinien sprawdzi\u0107 wszelkie zmiany i w przypadku\u00a0 kontynuowania korzystania z naszych\u00a0 us\u0142ug\u00a0 za akceptowa\u0107 zmienione warunki. W przeciwnym razie powinien powstrzyma\u0107 si\u0119 od korzystania\/ odwiedzania naszej strony internetowej.\r\n\r\n&lt;strong&gt;Prawa autorskie i znaki towarowe&lt;\/strong&gt;\r\n\r\nCa\u0142a zawarto\u015b\u0107 witryny naszej strony, w tym mi\u0119dzy innymi, teksty, wiadomo\u015bci, grafika, fotografie, ilustracje, mapy, us\u0142ug i og\u00f3lnie wszelkiego rodzaju pliki sa\u00a0 chronione prawem autorskim i jest regulowane przepisami prawem krajowym i mi\u0119dzynarodowym Prawem Autorskim, z wyj\u0105tkiem wyszczeg\u00f3lnionych i uznanych prawa autorskich os\u00f3b trzecich. W zwi\u0105zku z tym ponowne publikowanie, kopiowanie, przechowywanie, sprzeda\u017c, przekazywanie, dystrybucja, wydawanie, publikacja, \u201epobieranie (download) \u201e, t\u0142umaczone lub modyfikowane w jakikolwiek spos\u00f3b, jest zabronione bez wyra\u017cenia pisemnej zgody autora serwisu www.polonorama.com\r\n\r\nW drodze wyj\u0105tku, mo\u017cna pobra\u0107 witryny\u00a0 do komputera wy\u0142\u0105cznie do u\u017cytku osobistego nie w celach komercyjnych lub innych i pod warunkiem wskazania \u017ar\u00f3d\u0142a pochodzenia nie wi\u0105\u017c\u0105cych si\u0119\u00a0 w \u017caden spos\u00f3b z przeniesieniem praw autorskich.\r\n\r\nWszystko inne, co znajduje si\u0119 na stronie naszego serwisu zamieszczone znaki towarowe i prawa w\u0142asno\u015bci intelektualnej trzecich os\u00f3b podlega\u00a0 ich odpowiedzialno\u015bci oraz nale\u017cy do ich w\u0142a\u015bcicieli \u2013 nie ma nic wsp\u00f3lnego z nasz\u0105 stron\u0105 internetow\u0105.\r\n\r\n&lt;strong&gt;Zobowi\u0105zania odwiedzaj\u0105cego \/ u\u017cytkownika&lt;\/strong&gt;\r\n\r\nOdwiedzaj\u0105cy \/ u\u017cytkownik naszej witryny musi post\u0119powa\u0107 zgodnie z zasadami i przepisami prawa greckiego, europejskiego i mi\u0119dzynarodowego oraz przepisami dotycz\u0105cymi telekomunikacji. Jednocze\u015bnie powinien powstrzyma\u0107 si\u0119 od wszelkich sprzecznych z prawem i niew\u0142a\u015bciwych wykorzysta\u0144 tre\u015bci i us\u0142ug na naszej stronie internetowej. R\u00f3wnie\u017c, musi zachowywa\u0107 si\u0119 przyzwoicie i kulturalnie w czasie jego wizyty na naszej stronie internetowej. Zabronione jest u\u017cywania i wyra\u017cania s\u0142\u00f3w powszechnie uznawanych za obel\u017cywe lub obra\u017aliwe oraz przyj\u0119te za nieuczciwe i\u00a0 konkurencyjne lub inne naruszone w kodeksie post\u0119powania u\u017cytkownik\u00f3w Internetu. Jakikolwiek\u00a0 szkody wyrz\u0105dzone na\u00a0 naszej stronie internetowej lub w og\u00f3le wynikaj\u0105ce przez\u00a0 nielegalne korzystanie z takich us\u0142ug przez odwiedzaj\u0105cego \/ u\u017cytkownik\u00f3w s\u0105 za jego wy\u0142\u0105czn\u0105 odpowiedzialno\u015bci\u0105.\r\n\r\n&lt;strong&gt;Ograniczenia i odpowiedzialno\u015b\u0107&lt;\/strong&gt;\r\n\r\nW\u0142a\u015bciciel nie gwarantuje i nie ponosi odpowiedzialno\u015bci, chocia\u017c wk\u0142ada wszelkich stara\u0144\u00a0 by informacje i zawarto\u015b\u0107, by\u0142y przekazywane w maksymalnej dok\u0142adno\u015bci, jasno\u015bci, terminowo\u015bci, kompletno\u015bci, poprawno\u015bci i dost\u0119pno\u015bci. W \u017cadnych okoliczno\u015bciach, w tym przypadku zaniedba\u0144, nie ponosi \u017cadnej odpowiedzialno\u015bci za wszelkie szkody wyrz\u0105dzone odwiedzaj\u0105cym\/ u\u017cytkownikom z ww. powod\u00f3w korzystaj\u0105c z naszej stron internetowej.\r\n\r\nInformacje i us\u0142ugi s\u0105 dostarczane \u201etak jak s\u0105\u201d bez \u017cadnej gwarancji o ich jasno\u015bci\u00a0 i po\u015brednictwa, za kt\u00f3re Us\u0142ugodawca nie odpowiada i jednocze\u015bnie zaprzecza.\r\n\r\nW\u0142a\u015bciciel w \u017caden spos\u00f3b nie gwarantuje ani nie zapewnia przekazywania w spos\u00f3b nieprzerwany, bezpieczny i wolny od b\u0142\u0119d\u00f3w us\u0142ug i zawarto\u015bci, ani nawet braku wirusa, czy to na swojej stronie internetowej czy na innej witrynie lub serwerze, przez kt\u00f3ry u\u017cytkownik pobiera zawarto\u015b\u0107.\r\n\r\n&lt;strong&gt;Porady \u2013 wykluczenie&lt;\/strong&gt;\r\n\r\nNiniejsza Witryna mo\u017ce zawiera\u0107 nie\u015bcis\u0142o\u015bci i inne b\u0142\u0119dy. U\u017cytkownik korzysta z Witryny i przeszukuje j\u0105 na w\u0142asne ryzyko. Wszelkie informacje dostarczane dla u\u017cytkownika \/ odwiedzaj\u0105cego nasz serwis w \u017caden spos\u00f3b nie s\u0105 w celu, bezpo\u015brednio lub po\u015brednio, namawiania, rady lub zach\u0119ty do podj\u0119cia jakiekolwiek dzia\u0142a\u0144, ale w gestii uznania u\u017cytkownika\/odwiedzaj\u0105cego w ocenie tego, co otrzymuje i dzia\u0142a na podstawie w\u0142asnej woli, wykluczaj\u0105c jak\u0105kolwiek nasz\u0105 odpowiedzialno\u015b\u0107 oraz dorozumianych gwarancji warto\u015bci handlowej i przydatno\u015bci\u00a0 do okre\u015blonego celu.\r\n\r\n&lt;strong&gt;\u201eLinki \u201d do innych stron&lt;\/strong&gt;\r\n\r\nNasza strona internetowa nie ponosi odpowiedzialno\u015bci za tre\u015bci i us\u0142ugi innych witryn, do kt\u00f3rych si\u0119 odnosi poprzez linki, hiper\u0142\u0105cza lub bannery reklamowe, ani nie gwarantuje ich dost\u0119pno\u015bci. Problemy mog\u0105 pojawi\u0107 si\u0119 w trakcie wizyty \/ u\u017cywania strony, do kt\u00f3rej mamy tylko odno\u015bnik (link) i s\u0105 zwi\u0105zane wy\u0142\u0105cznie z odpowiedzialno\u015bci\u0105 w poszczeg\u00f3lnych miejscach, gdzie powinni\u015bcie si\u0119 zwr\u00f3ci\u0107. Odniesienia(link) do innych stron s\u0105 dla wygody u\u017cytkownika i w \u017caden spos\u00f3b nie stwarza jakiegokolwiek zobowi\u0105zania dla ka\u017cdego.\r\n\r\n&lt;strong&gt;Odszkodowanie&lt;\/strong&gt;\r\n\r\nPowo\u0142uj\u0105c si\u0119 na wyra\u017anie okre\u015blone warunki w niniejszej umowie i akceptacji w wypadku wniesienia przeciwko naszej witryny jakichkolwiek dzia\u0142a\u0144, roszczenia, procesem lub s\u0105downie w wyniku jakikolwiek rodzaju naruszenia w formularzu, zobowi\u0105zujemy si\u0119 do uczestniczenia w procesie dzia\u0142ania oraz w celu zrekompensowania naszej strony internetowej, je\u017celi zostanie zmuszony do zap\u0142aty odszkodowania i innych koszt\u00f3w.\r\n\r\n&lt;strong&gt;Obowi\u0105zuj\u0105ce prawo i inne przepisy&lt;\/strong&gt;\r\n\r\nNiniejsza Umowa jest uwarunkowana na przepisach prawa greckiego, dyrektyw i przepis\u00f3w prawa europejskiego oraz odpowiednich przepisach mi\u0119dzynarodowych. Jednocze\u015bnie jest interpretowana zgodnie z zasadami dobrej wiary, moralno\u015bci i cel\u00f3w gospodarczych i prawa spo\u0142ecznego.\r\n\r\nJe\u015bli jakiekolwiek postanowienie jest uznane za sprzeczne z prawem, a zatem niewa\u017cna lub podlega uniewa\u017cnieniu, to przestaje by\u0107 skuteczna, ale w \u017caden spos\u00f3b nie wp\u0142ywa na wa\u017cno\u015b\u0107 pozosta\u0142ych warunk\u00f3w. \u017badne zmiany warunk\u00f3w porozumienia nie b\u0119d\u0105 brane pod uwag\u0119 i nie b\u0119d\u0105 jej cz\u0119\u015bci\u0105, chyba \u017ce w formie pisemnej i w\u0142\u0105czone do niniejszej umowy.\r\n\r\n&lt;em&gt;W\u0142a\u015bciwym s\u0105dem na wszelkie spory powsta\u0142e w zwi\u0105zku niniejsz\u0105 umow\u0105 jest\u00a0 s\u0105d w Atenach.&lt;\/em&gt;\r\n\r\n&lt;strong&gt;Komentarze&lt;\/strong&gt;\r\n&lt;ol&gt;\r\n&lt;li&gt;Dodawany komentarz powinien by\u0107 merytorycznie lub tematycznie zwi\u0105zany z tre\u015bci\u0105 Wiadomo\u015bci lub innego Komentarza.&lt;\/li&gt;\r\n&lt;li&gt;Redakcja portalu nie ponosi odpowiedzialno\u015bci za tre\u015bci zamieszczane u\u017cytkownik\u00f3w przez Komentuj\u0105cych na Portalu.&lt;\/li&gt;\r\n&lt;li&gt;Zabronione jest umieszczanie przez Komentuj\u0105cych na portalu tre\u015bci sprzecznych z obowi\u0105zuj\u0105cymi przepisami prawa oraz dobrymi obyczajami.&lt;\/li&gt;\r\n&lt;\/ol&gt;\r\nUwaga: komentarze niezwi\u0105zane z tematem, wulgarne, obra\u017aliwe lub naruszaj\u0105ce prawo b\u0119d\u0105 usuwane.\r\n\r\nRedakcja zastrzega sobie prawo usuwania komentarzy niezgodnych z Regulaminem bez uzgodnienia i uprzedzenia autora.[\/vc_column_text][\/vc_column_text]<\/div><\/div><\/div><\/div><\/div>","protected":false},"excerpt":{"rendered":"[vc_column_text css=\"\"][vc_column_text]Odwiedzaj\u0105cy \/ u\u017cytkownik stron i us\u0142ugi na naszej strony internetowej www.polonorama.com powinien uwa\u017cnie przeczyta\u0107 Regulamin i warunki us\u0142ug jakie okre\u015bla serwis przed jego wizyt\u0105.\u00a0 W przypadku stwierdzenia niezgody z jakikolwiek stwierdzeniem niniejszej umowy, u\u017cytkownik nie powinien korzysta\u0107 z serwisu. W przeciwnym razie b\u0119dzie uznane, \u017ce u\u017cytkownik akceptuje i wyra\u017ca zgod\u0119 z jego strony na [...]","protected":false},"author":14,"featured_media":0,"parent":13564,"menu_order":0,"comment_status":"closed","ping_status":"closed","template":"page-pagebuilder-title.php","meta":{"footnotes":""},"class_list":["post-41633","page","type-page","status-publish"],"yoast_head":"<!-- This site is optimized with the Yoast SEO plugin v24.7 - https:\/\/yoast.com\/wordpress\/plugins\/seo\/ -->\n<title>\u039f\u03c1\u03bf\u03b9 \u03a7\u03c1\u03ae\u03c3\u03b7\u03c2 - Polonorama<\/title>\n<meta name=\"robots\" content=\"index, follow, max-snippet:-1, max-image-preview:large, max-video-preview:-1\" \/>\n<link rel=\"canonical\" href=\"https:\/\/polonorama.com\/el\/sxetika-me-emas\/oroi-chrisis\/\" \/>\n<meta property=\"og:locale\" content=\"el_GR\" \/>\n<meta property=\"og:type\" content=\"article\" \/>\n<meta property=\"og:title\" content=\"\u039f\u03c1\u03bf\u03b9 \u03a7\u03c1\u03ae\u03c3\u03b7\u03c2 - Polonorama\" \/>\n<meta property=\"og:url\" content=\"https:\/\/polonorama.com\/el\/sxetika-me-emas\/oroi-chrisis\/\" \/>\n<meta property=\"og:site_name\" content=\"Polonorama\" \/>\n<meta property=\"article:publisher\" content=\"https:\/\/www.facebook.com\/polonorama\/\" \/>\n<meta property=\"article:modified_time\" content=\"2025-01-02T19:25:37+00:00\" \/>\n<meta name=\"twitter:card\" content=\"summary_large_image\" \/>\n<meta name=\"twitter:site\" content=\"@polonorama\" \/>\n<script type=\"application\/ld+json\" class=\"yoast-schema-graph\">{\"@context\":\"https:\/\/schema.org\",\"@graph\":[{\"@type\":\"WebPage\",\"@id\":\"https:\/\/polonorama.com\/el\/sxetika-me-emas\/oroi-chrisis\/\",\"url\":\"https:\/\/polonorama.com\/el\/sxetika-me-emas\/oroi-chrisis\/\",\"name\":\"\u039f\u03c1\u03bf\u03b9 \u03a7\u03c1\u03ae\u03c3\u03b7\u03c2 - Polonorama\",\"isPartOf\":{\"@id\":\"https:\/\/polonorama.com\/#website\"},\"datePublished\":\"2023-12-20T13:44:47+00:00\",\"dateModified\":\"2025-01-02T19:25:37+00:00\",\"breadcrumb\":{\"@id\":\"https:\/\/polonorama.com\/el\/sxetika-me-emas\/oroi-chrisis\/#breadcrumb\"},\"inLanguage\":\"el\",\"potentialAction\":[{\"@type\":\"ReadAction\",\"target\":[\"https:\/\/polonorama.com\/el\/sxetika-me-emas\/oroi-chrisis\/\"]}]},{\"@type\":\"BreadcrumbList\",\"@id\":\"https:\/\/polonorama.com\/el\/sxetika-me-emas\/oroi-chrisis\/#breadcrumb\",\"itemListElement\":[{\"@type\":\"ListItem\",\"position\":1,\"name\":\"Strona g\u0142\u00f3wna\",\"item\":\"https:\/\/polonorama.com\/el\/archiki\/\"},{\"@type\":\"ListItem\",\"position\":2,\"name\":\"\u03a3\u03c7\u03b5\u03c4\u03b9\u03ba\u03ac \u03bc\u03b5 \u03b5\u03bc\u03ac\u03c2\",\"item\":\"https:\/\/polonorama.com\/el\/sxetika-me-emas\/\"},{\"@type\":\"ListItem\",\"position\":3,\"name\":\"\u039f\u03c1\u03bf\u03b9 \u03a7\u03c1\u03ae\u03c3\u03b7\u03c2\"}]},{\"@type\":\"WebSite\",\"@id\":\"https:\/\/polonorama.com\/#website\",\"url\":\"https:\/\/polonorama.com\/\",\"name\":\"Polonorama\",\"description\":\"Portal Polonii Greckiej\",\"publisher\":{\"@id\":\"https:\/\/polonorama.com\/#organization\"},\"potentialAction\":[{\"@type\":\"SearchAction\",\"target\":{\"@type\":\"EntryPoint\",\"urlTemplate\":\"https:\/\/polonorama.com\/?s={search_term_string}\"},\"query-input\":{\"@type\":\"PropertyValueSpecification\",\"valueRequired\":true,\"valueName\":\"search_term_string\"}}],\"inLanguage\":\"el\"},{\"@type\":\"Organization\",\"@id\":\"https:\/\/polonorama.com\/#organization\",\"name\":\"Polonorama\",\"url\":\"https:\/\/polonorama.com\/\",\"logo\":{\"@type\":\"ImageObject\",\"inLanguage\":\"el\",\"@id\":\"https:\/\/polonorama.com\/#\/schema\/logo\/image\/\",\"url\":\"https:\/\/polonorama.com\/wp-content\/uploads\/2019\/04\/polonorama-logo.png\",\"contentUrl\":\"https:\/\/polonorama.com\/wp-content\/uploads\/2019\/04\/polonorama-logo.png\",\"width\":407,\"height\":80,\"caption\":\"Polonorama\"},\"image\":{\"@id\":\"https:\/\/polonorama.com\/#\/schema\/logo\/image\/\"},\"sameAs\":[\"https:\/\/www.facebook.com\/polonorama\/\",\"https:\/\/x.com\/polonorama\",\"https:\/\/www.instagram.com\/polonorama\/\"]}]}<\/script>\n<!-- \/ Yoast SEO plugin. -->","yoast_head_json":{"title":"\u039f\u03c1\u03bf\u03b9 \u03a7\u03c1\u03ae\u03c3\u03b7\u03c2 - Polonorama","robots":{"index":"index","follow":"follow","max-snippet":"max-snippet:-1","max-image-preview":"max-image-preview:large","max-video-preview":"max-video-preview:-1"},"canonical":"https:\/\/polonorama.com\/el\/sxetika-me-emas\/oroi-chrisis\/","og_locale":"el_GR","og_type":"article","og_title":"\u039f\u03c1\u03bf\u03b9 \u03a7\u03c1\u03ae\u03c3\u03b7\u03c2 - Polonorama","og_url":"https:\/\/polonorama.com\/el\/sxetika-me-emas\/oroi-chrisis\/","og_site_name":"Polonorama","article_publisher":"https:\/\/www.facebook.com\/polonorama\/","article_modified_time":"2025-01-02T19:25:37+00:00","twitter_card":"summary_large_image","twitter_site":"@polonorama","schema":{"@context":"https:\/\/schema.org","@graph":[{"@type":"WebPage","@id":"https:\/\/polonorama.com\/el\/sxetika-me-emas\/oroi-chrisis\/","url":"https:\/\/polonorama.com\/el\/sxetika-me-emas\/oroi-chrisis\/","name":"\u039f\u03c1\u03bf\u03b9 \u03a7\u03c1\u03ae\u03c3\u03b7\u03c2 - Polonorama","isPartOf":{"@id":"https:\/\/polonorama.com\/#website"},"datePublished":"2023-12-20T13:44:47+00:00","dateModified":"2025-01-02T19:25:37+00:00","breadcrumb":{"@id":"https:\/\/polonorama.com\/el\/sxetika-me-emas\/oroi-chrisis\/#breadcrumb"},"inLanguage":"el","potentialAction":[{"@type":"ReadAction","target":["https:\/\/polonorama.com\/el\/sxetika-me-emas\/oroi-chrisis\/"]}]},{"@type":"BreadcrumbList","@id":"https:\/\/polonorama.com\/el\/sxetika-me-emas\/oroi-chrisis\/#breadcrumb","itemListElement":[{"@type":"ListItem","position":1,"name":"Strona g\u0142\u00f3wna","item":"https:\/\/polonorama.com\/el\/archiki\/"},{"@type":"ListItem","position":2,"name":"\u03a3\u03c7\u03b5\u03c4\u03b9\u03ba\u03ac \u03bc\u03b5 \u03b5\u03bc\u03ac\u03c2","item":"https:\/\/polonorama.com\/el\/sxetika-me-emas\/"},{"@type":"ListItem","position":3,"name":"\u039f\u03c1\u03bf\u03b9 \u03a7\u03c1\u03ae\u03c3\u03b7\u03c2"}]},{"@type":"WebSite","@id":"https:\/\/polonorama.com\/#website","url":"https:\/\/polonorama.com\/","name":"Polonorama","description":"Portal Polonii Greckiej","publisher":{"@id":"https:\/\/polonorama.com\/#organization"},"potentialAction":[{"@type":"SearchAction","target":{"@type":"EntryPoint","urlTemplate":"https:\/\/polonorama.com\/?s={search_term_string}"},"query-input":{"@type":"PropertyValueSpecification","valueRequired":true,"valueName":"search_term_string"}}],"inLanguage":"el"},{"@type":"Organization","@id":"https:\/\/polonorama.com\/#organization","name":"Polonorama","url":"https:\/\/polonorama.com\/","logo":{"@type":"ImageObject","inLanguage":"el","@id":"https:\/\/polonorama.com\/#\/schema\/logo\/image\/","url":"https:\/\/polonorama.com\/wp-content\/uploads\/2019\/04\/polonorama-logo.png","contentUrl":"https:\/\/polonorama.com\/wp-content\/uploads\/2019\/04\/polonorama-logo.png","width":407,"height":80,"caption":"Polonorama"},"image":{"@id":"https:\/\/polonorama.com\/#\/schema\/logo\/image\/"},"sameAs":["https:\/\/www.facebook.com\/polonorama\/","https:\/\/x.com\/polonorama","https:\/\/www.instagram.com\/polonorama\/"]}]}},"_links":{"self":[{"href":"https:\/\/polonorama.com\/el\/wp-json\/wp\/v2\/pages\/41633","targetHints":{"allow":["GET"]}}],"collection":[{"href":"https:\/\/polonorama.com\/el\/wp-json\/wp\/v2\/pages"}],"about":[{"href":"https:\/\/polonorama.com\/el\/wp-json\/wp\/v2\/types\/page"}],"author":[{"embeddable":true,"href":"https:\/\/polonorama.com\/el\/wp-json\/wp\/v2\/users\/14"}],"replies":[{"embeddable":true,"href":"https:\/\/polonorama.com\/el\/wp-json\/wp\/v2\/comments?post=41633"}],"version-history":[{"count":4,"href":"https:\/\/polonorama.com\/el\/wp-json\/wp\/v2\/pages\/41633\/revisions"}],"predecessor-version":[{"id":67042,"href":"https:\/\/polonorama.com\/el\/wp-json\/wp\/v2\/pages\/41633\/revisions\/67042"}],"up":[{"embeddable":true,"href":"https:\/\/polonorama.com\/el\/wp-json\/wp\/v2\/pages\/13564"}],"wp:attachment":[{"href":"https:\/\/polonorama.com\/el\/wp-json\/wp\/v2\/media?parent=41633"}],"curies":[{"name":"wp","href":"https:\/\/api.w.org\/{rel}","templated":true}]}}