{"id":41630,"date":"2023-12-20T14:42:32","date_gmt":"2023-12-20T13:42:32","guid":{"rendered":"https:\/\/polonorama.com\/?page_id=41630"},"modified":"2023-12-20T14:43:32","modified_gmt":"2023-12-20T13:43:32","slug":"praktiki-askisi-kai-mathiteia","status":"publish","type":"page","link":"https:\/\/polonorama.com\/el\/sxetika-me-emas\/praktiki-askisi-kai-mathiteia\/","title":{"rendered":"\u03a0\u03c1\u03b1\u03ba\u03c4\u03b9\u03ba\u03ae \u0386\u03c3\u03ba\u03b7\u03c3\u03b7 \u03ba\u03b1\u03b9 \u039c\u03b1\u03b8\u03b7\u03c4\u03b5\u03af\u03b1"},"content":{"rendered":"<div class=\"wpb-content-wrapper\"><div id=\"tdi_1\" class=\"tdc-row\"><div class=\"vc_row tdi_2  wpb_row td-pb-row\" >\n<style scoped>\n\/* custom css - generated by TagDiv Composer *\/\n\n\/* custom css - generated by TagDiv Composer *\/\n.tdi_2,\r\n                .tdi_2 .tdc-columns{\r\n                    min-height: 0;\r\n                }.tdi_2,\r\n\t\t\t\t.tdi_2 .tdc-columns{\r\n\t\t\t\t    display: block;\r\n\t\t\t\t}.tdi_2 .tdc-columns{\r\n\t\t\t\t    width: 100%;\r\n\t\t\t\t}.tdi_2:before,\r\n\t\t\t\t.tdi_2:after{\r\n\t\t\t\t    display: table;\r\n\t\t\t\t}\n<\/style><div class=\"vc_column tdi_4  wpb_column vc_column_container tdc-column td-pb-span12\">\n<style scoped>\n\/* custom css - generated by TagDiv Composer *\/\n\n\/* custom css - generated by TagDiv Composer *\/\n.tdi_4{\r\n                    vertical-align: baseline;\r\n                }.tdi_4 > .wpb_wrapper,\r\n\t\t\t\t.tdi_4 > .wpb_wrapper > .tdc-elements{\r\n\t\t\t\t    display: block;\r\n\t\t\t\t}.tdi_4 > .wpb_wrapper > .tdc-elements{\r\n\t\t\t\t    width: 100%;\r\n\t\t\t\t}.tdi_4 > .wpb_wrapper > .vc_row_inner{\r\n\t\t\t\t    width: auto;\r\n\t\t\t\t}.tdi_4 > .wpb_wrapper{\r\n\t\t\t\t    width: auto;\r\n\t\t\t\t    height: auto;\r\n\t\t\t\t}\n<\/style><div class=\"wpb_wrapper\" >[vc_column_text]\r\n<h2>\u03a0\u03c1\u03b1\u03ba\u03c4\u03b9\u03ba\u03ae \u0386\u03c3\u03ba\u03b7\u03c3\u03b7 \u03ba\u03b1\u03b9 \u039c\u03b1\u03b8\u03b7\u03c4\u03b5\u03af\u03b1<\/h2>\r\n<strong><img loading=\"lazy\" decoding=\"async\" class=\"alignright size-full wp-image-32700\" src=\"https:\/\/polonorama.com\/wp-content\/uploads\/2022\/02\/praktyki-staz2.jpg\" alt=\"\" width=\"1300\" height=\"664\" srcset=\"https:\/\/polonorama.com\/wp-content\/uploads\/2022\/02\/praktyki-staz2.jpg 1300w, https:\/\/polonorama.com\/wp-content\/uploads\/2022\/02\/praktyki-staz2-300x153.jpg 300w, https:\/\/polonorama.com\/wp-content\/uploads\/2022\/02\/praktyki-staz2-768x392.jpg 768w, https:\/\/polonorama.com\/wp-content\/uploads\/2022\/02\/praktyki-staz2-696x355.jpg 696w, https:\/\/polonorama.com\/wp-content\/uploads\/2022\/02\/praktyki-staz2-1068x546.jpg 1068w, https:\/\/polonorama.com\/wp-content\/uploads\/2022\/02\/praktyki-staz2-822x420.jpg 822w, https:\/\/polonorama.com\/wp-content\/uploads\/2022\/02\/praktyki-staz2-750x383.jpg 750w, https:\/\/polonorama.com\/wp-content\/uploads\/2022\/02\/praktyki-staz2-1140x582.jpg 1140w\" sizes=\"auto, (max-width: 1300px) 100vw, 1300px\" \/><\/strong>\r\n\r\n<strong>Portal internetowy <a href=\"https:\/\/polonorama.com\/\" target=\"_blank\" rel=\"noopener noreferrer\">www.polonorama.com<\/a> informuje o mo\u017cliwo\u015bci ubiegania si\u0119 o zdalne oraz stacjonarne praktyki studenckie oraz absolwenckie. Realizacja wybranego wariantu praktyk odbywa si\u0119 zgodnie z przedstawionymi poni\u017cej kryteriami.<\/strong>\r\n<h2>Praktyki studenckie<\/h2>\r\nOsoby zainteresowane udzia\u0142em w realizacji praktyk studenckich powinny:\r\n\r\n\u2022 By\u0107 oficjalnie zarejestrowane na kierunku studi\u00f3w prowadz\u0105cym do otrzymania tytu\u0142u licencjata\/ in\u017cyniera lub magistra;\r\n\u2022 Kierunek studi\u00f3w powinien korespondowa\u0107 z tematyk\u0105 portalu, najbardziej preferowane s\u0105 kierunki: dziennikarstwo, filologia angielska, filologia nowogrecka, filologia polska, historia, kulturoznawstwo, grafika komputerowa, animacja komputerowa, marketing. W uzasadnionych przypadkach, w oparciu o referencje i certyfikaty istnieje mo\u017cliwo\u015b\u0107 realizacji praktyki\/sta\u017cu przez studenta, kt\u00f3ry nie reprezentuje wy\u017cej wymienionej dyscypliny.\r\n\u2022 Posiada\u0107 bardzo dobr\u0105 znajomo\u015b\u0107 j\u0119zyka angielskiego (w mowie i pi\u015bmie) pozwalaj\u0105c\u0105 na p\u0142ynn\u0105 komunikacj\u0119 s\u0142own\u0105 oraz redagowanie kr\u00f3tkich informacji tekstowych;\r\n\u2022 Posiada\u0107 kompetencje j\u0119zykowe pozwalaj\u0105ce na sprawne komunikowanie si\u0119 w j\u0119zyku polskim oraz redagowanie informacji prasowych i publikacji popularnych oraz popularno-naukowych;\r\n\u2022 Posiada\u0107 umiej\u0119tno\u015b\u0107 dokonywania researchu informacji;\r\n\u2022 Dodatkowym atutem b\u0119dzie znajomo\u015b\u0107 j\u0119zyka greckiego (wymaganie nieobligatoryjne)\r\n<h2>Praktyki absolwenckie<\/h2>\r\nOsoby zainteresowane udzia\u0142em w realizacji praktyk absolwenckich powinny:\r\n\u2022 Przedstawi\u0107 do wgl\u0105du dyplom uko\u0144czenia studi\u00f3w wy\u017cszych (na poziomie studi\u00f3w licencjackich i\/lub magisterskich)\r\n\u2022 Kierunek studi\u00f3w powinien korespondowa\u0107 z tematyk\u0105 portalu, najbardziej preferowane s\u0105 kierunki: dziennikarstwo, filologia angielska, filologia nowogrecka, filologia polska, dziennikarstwo, kulturoznawstwo, grafika komputerowa, animacja komputerowa, historia, marketing. W uzasadnionych przypadkach, w oparciu o referencje i certyfikaty istnieje mo\u017cliwo\u015b\u0107 realizacji sta\u017cy przez studenta, kt\u00f3ry nie reprezentuje wy\u017cej wymienionej dyscypliny.\r\n\u2022 Posiada\u0107 bardzo dobr\u0105 znajomo\u015b\u0107 j\u0119zyka angielskiego (w mowie i pi\u015bmie) pozwalaj\u0105c\u0105 na p\u0142ynn\u0105 komunikacj\u0119 oraz redagowanie kr\u00f3tkich informacji tekstowych;\r\n\u2022 Posiada\u0107 kompetencje j\u0119zykowe pozwalaj\u0105ce na sprawne komunikowanie si\u0119 w j\u0119zyku polskim oraz redagowanie informacji prasowych i publikacji popularnych oraz popularni-naukowych;\r\n\u2022 Posiada\u0107 umiej\u0119tno\u015b\u0107 dokonywania researchu informacji;\r\n\u2022 Dodatkowym atutem b\u0119dzie znajomo\u015b\u0107 j\u0119zyka greckiego (wymaganie nieobligatoryjne)\r\n<h2><img loading=\"lazy\" decoding=\"async\" class=\"alignright wp-image-32698\" src=\"https:\/\/polonorama.com\/wp-content\/uploads\/2022\/02\/praktyki-staz1.jpg\" alt=\"\" width=\"302\" height=\"302\" srcset=\"https:\/\/polonorama.com\/wp-content\/uploads\/2022\/02\/praktyki-staz1.jpg 800w, https:\/\/polonorama.com\/wp-content\/uploads\/2022\/02\/praktyki-staz1-150x150.jpg 150w, https:\/\/polonorama.com\/wp-content\/uploads\/2022\/02\/praktyki-staz1-300x300.jpg 300w, https:\/\/polonorama.com\/wp-content\/uploads\/2022\/02\/praktyki-staz1-768x768.jpg 768w, https:\/\/polonorama.com\/wp-content\/uploads\/2022\/02\/praktyki-staz1-696x696.jpg 696w, https:\/\/polonorama.com\/wp-content\/uploads\/2022\/02\/praktyki-staz1-420x420.jpg 420w, https:\/\/polonorama.com\/wp-content\/uploads\/2022\/02\/praktyki-staz1-75x75.jpg 75w, https:\/\/polonorama.com\/wp-content\/uploads\/2022\/02\/praktyki-staz1-750x750.jpg 750w\" sizes=\"auto, (max-width: 302px) 100vw, 302px\" \/><\/h2>\r\nPraktyki \/ sta\u017c w portalu POLONORAMA mog\u0105 odbywa\u0107 si\u0119 przez ca\u0142y rok zar\u00f3wno w formie on-line jak i stacjonarnie w dowolnym wymiarze czasu. Forma realizacji praktyk zawodowych zale\u017cna jest od indywidualnych preferencji kandydata, a tak\u017ce aktualnego zapotrzebowania portalu oraz sytuacji epidemiologicznej.\r\n\r\nPreferowany okres trwania praktyk to od 1 do 6 miesi\u0119cy. W uzasadnionych przypadkach i po wzajemnym porozumieniu okres ten mo\u017ce ulec zmianie. Podczas praktyki studenci <strong>nie otrzymuj\u0105 wynagrodzenia<\/strong>. Ponadto, portal POLONORAMA <strong>nie pokrywa koszt\u00f3w dojazdu, przejazd\u00f3w, wy\u017cywienia, zakwaterowania oraz ubezpieczenia zdrowotnego na terenie Grecji<\/strong>. Osoby, kt\u00f3re odby\u0142y sta\u017c \/ praktyk\u0119 studenck\u0105 \u2013 zar\u00f3wno praktyki online jak i praktyki stacjonarne otrzymuj\u0105 za\u015bwiadczenie z portalu POLONORAMA o odbyciu praktyki.\r\n\r\nZainteresowanych sta\u017cem \/ praktyk\u0105 prosimy o przes\u0142anie CV z dopiskiem \u201epraktyki\u201d i \u201esta\u017c\u201d na adres: <a href=\"mailto:info@polonoram.com\" target=\"_blank\" rel=\"noopener noreferrer\">info@polonoram.com<\/a>\r\n\r\n<strong>Rekomendujemy zapoznanie si\u0119 z warunkami wyjazdu w ramach programu Erasmus Praktyki. Istnieje bowiem mo\u017cliwo\u015b\u0107 realizacji praktyk\/ sta\u017cu w ramach wy\u017cej wymienionego programu. Wszelkie informacje oraz aktualne regulacje dotycz\u0105ce projektu posiada zawsze jednostka macierzysta oraz Koordynator Programu Erasmus Praktyki na Pa\u0144stwa Uczelni.<\/strong>[\/vc_column_text]<\/div><\/div><\/div><\/div><\/div>","protected":false},"excerpt":{"rendered":"[vc_column_text] \u03a0\u03c1\u03b1\u03ba\u03c4\u03b9\u03ba\u03ae \u0386\u03c3\u03ba\u03b7\u03c3\u03b7 \u03ba\u03b1\u03b9 \u039c\u03b1\u03b8\u03b7\u03c4\u03b5\u03af\u03b1 Portal internetowy www.polonorama.com informuje o mo\u017cliwo\u015bci ubiegania si\u0119 o zdalne oraz stacjonarne praktyki studenckie oraz absolwenckie. Realizacja wybranego wariantu praktyk odbywa si\u0119 zgodnie z przedstawionymi poni\u017cej kryteriami. Praktyki studenckie Osoby zainteresowane udzia\u0142em w realizacji praktyk studenckich powinny: \u2022 By\u0107 oficjalnie zarejestrowane na kierunku studi\u00f3w prowadz\u0105cym do otrzymania tytu\u0142u licencjata\/ in\u017cyniera [...]","protected":false},"author":14,"featured_media":0,"parent":13564,"menu_order":0,"comment_status":"closed","ping_status":"closed","template":"page-pagebuilder-title.php","meta":{"footnotes":""},"class_list":["post-41630","page","type-page","status-publish"],"yoast_head":"<!-- This site is optimized with the Yoast SEO plugin v24.7 - https:\/\/yoast.com\/wordpress\/plugins\/seo\/ -->\n<title>\u03a0\u03c1\u03b1\u03ba\u03c4\u03b9\u03ba\u03ae \u0386\u03c3\u03ba\u03b7\u03c3\u03b7 \u03ba\u03b1\u03b9 \u039c\u03b1\u03b8\u03b7\u03c4\u03b5\u03af\u03b1 - Polonorama<\/title>\n<meta name=\"robots\" content=\"index, follow, max-snippet:-1, max-image-preview:large, max-video-preview:-1\" \/>\n<link rel=\"canonical\" href=\"https:\/\/polonorama.com\/el\/sxetika-me-emas\/praktiki-askisi-kai-mathiteia\/\" \/>\n<meta property=\"og:locale\" content=\"el_GR\" \/>\n<meta property=\"og:type\" content=\"article\" \/>\n<meta property=\"og:title\" content=\"\u03a0\u03c1\u03b1\u03ba\u03c4\u03b9\u03ba\u03ae \u0386\u03c3\u03ba\u03b7\u03c3\u03b7 \u03ba\u03b1\u03b9 \u039c\u03b1\u03b8\u03b7\u03c4\u03b5\u03af\u03b1 - Polonorama\" \/>\n<meta property=\"og:url\" content=\"https:\/\/polonorama.com\/el\/sxetika-me-emas\/praktiki-askisi-kai-mathiteia\/\" \/>\n<meta property=\"og:site_name\" content=\"Polonorama\" \/>\n<meta property=\"article:publisher\" content=\"https:\/\/www.facebook.com\/polonorama\/\" \/>\n<meta property=\"article:modified_time\" content=\"2023-12-20T13:43:32+00:00\" \/>\n<meta property=\"og:image\" content=\"https:\/\/polonorama.com\/wp-content\/uploads\/2022\/02\/praktyki-staz2.jpg\" \/>\n<meta name=\"twitter:card\" content=\"summary_large_image\" \/>\n<meta name=\"twitter:site\" content=\"@polonorama\" \/>\n<meta name=\"twitter:label1\" content=\"\u0395\u03ba\u03c4\u03b9\u03bc\u03ce\u03bc\u03b5\u03bd\u03bf\u03c2 \u03c7\u03c1\u03cc\u03bd\u03bf\u03c2 \u03b1\u03bd\u03ac\u03b3\u03bd\u03c9\u03c3\u03b7\u03c2\" \/>\n\t<meta name=\"twitter:data1\" content=\"3 \u03bb\u03b5\u03c0\u03c4\u03ac\" \/>\n<script type=\"application\/ld+json\" class=\"yoast-schema-graph\">{\"@context\":\"https:\/\/schema.org\",\"@graph\":[{\"@type\":\"WebPage\",\"@id\":\"https:\/\/polonorama.com\/el\/sxetika-me-emas\/praktiki-askisi-kai-mathiteia\/\",\"url\":\"https:\/\/polonorama.com\/el\/sxetika-me-emas\/praktiki-askisi-kai-mathiteia\/\",\"name\":\"\u03a0\u03c1\u03b1\u03ba\u03c4\u03b9\u03ba\u03ae \u0386\u03c3\u03ba\u03b7\u03c3\u03b7 \u03ba\u03b1\u03b9 \u039c\u03b1\u03b8\u03b7\u03c4\u03b5\u03af\u03b1 - Polonorama\",\"isPartOf\":{\"@id\":\"https:\/\/polonorama.com\/#website\"},\"primaryImageOfPage\":{\"@id\":\"https:\/\/polonorama.com\/el\/sxetika-me-emas\/praktiki-askisi-kai-mathiteia\/#primaryimage\"},\"image\":{\"@id\":\"https:\/\/polonorama.com\/el\/sxetika-me-emas\/praktiki-askisi-kai-mathiteia\/#primaryimage\"},\"thumbnailUrl\":\"https:\/\/polonorama.com\/wp-content\/uploads\/2022\/02\/praktyki-staz2.jpg\",\"datePublished\":\"2023-12-20T13:42:32+00:00\",\"dateModified\":\"2023-12-20T13:43:32+00:00\",\"breadcrumb\":{\"@id\":\"https:\/\/polonorama.com\/el\/sxetika-me-emas\/praktiki-askisi-kai-mathiteia\/#breadcrumb\"},\"inLanguage\":\"el\",\"potentialAction\":[{\"@type\":\"ReadAction\",\"target\":[\"https:\/\/polonorama.com\/el\/sxetika-me-emas\/praktiki-askisi-kai-mathiteia\/\"]}]},{\"@type\":\"ImageObject\",\"inLanguage\":\"el\",\"@id\":\"https:\/\/polonorama.com\/el\/sxetika-me-emas\/praktiki-askisi-kai-mathiteia\/#primaryimage\",\"url\":\"https:\/\/polonorama.com\/wp-content\/uploads\/2022\/02\/praktyki-staz2.jpg\",\"contentUrl\":\"https:\/\/polonorama.com\/wp-content\/uploads\/2022\/02\/praktyki-staz2.jpg\"},{\"@type\":\"BreadcrumbList\",\"@id\":\"https:\/\/polonorama.com\/el\/sxetika-me-emas\/praktiki-askisi-kai-mathiteia\/#breadcrumb\",\"itemListElement\":[{\"@type\":\"ListItem\",\"position\":1,\"name\":\"Strona g\u0142\u00f3wna\",\"item\":\"https:\/\/polonorama.com\/el\/archiki\/\"},{\"@type\":\"ListItem\",\"position\":2,\"name\":\"\u03a3\u03c7\u03b5\u03c4\u03b9\u03ba\u03ac \u03bc\u03b5 \u03b5\u03bc\u03ac\u03c2\",\"item\":\"https:\/\/polonorama.com\/el\/sxetika-me-emas\/\"},{\"@type\":\"ListItem\",\"position\":3,\"name\":\"\u03a0\u03c1\u03b1\u03ba\u03c4\u03b9\u03ba\u03ae \u0386\u03c3\u03ba\u03b7\u03c3\u03b7 \u03ba\u03b1\u03b9 \u039c\u03b1\u03b8\u03b7\u03c4\u03b5\u03af\u03b1\"}]},{\"@type\":\"WebSite\",\"@id\":\"https:\/\/polonorama.com\/#website\",\"url\":\"https:\/\/polonorama.com\/\",\"name\":\"Polonorama\",\"description\":\"Portal Polonii Greckiej\",\"publisher\":{\"@id\":\"https:\/\/polonorama.com\/#organization\"},\"potentialAction\":[{\"@type\":\"SearchAction\",\"target\":{\"@type\":\"EntryPoint\",\"urlTemplate\":\"https:\/\/polonorama.com\/?s={search_term_string}\"},\"query-input\":{\"@type\":\"PropertyValueSpecification\",\"valueRequired\":true,\"valueName\":\"search_term_string\"}}],\"inLanguage\":\"el\"},{\"@type\":\"Organization\",\"@id\":\"https:\/\/polonorama.com\/#organization\",\"name\":\"Polonorama\",\"url\":\"https:\/\/polonorama.com\/\",\"logo\":{\"@type\":\"ImageObject\",\"inLanguage\":\"el\",\"@id\":\"https:\/\/polonorama.com\/#\/schema\/logo\/image\/\",\"url\":\"https:\/\/polonorama.com\/wp-content\/uploads\/2019\/04\/polonorama-logo.png\",\"contentUrl\":\"https:\/\/polonorama.com\/wp-content\/uploads\/2019\/04\/polonorama-logo.png\",\"width\":407,\"height\":80,\"caption\":\"Polonorama\"},\"image\":{\"@id\":\"https:\/\/polonorama.com\/#\/schema\/logo\/image\/\"},\"sameAs\":[\"https:\/\/www.facebook.com\/polonorama\/\",\"https:\/\/x.com\/polonorama\",\"https:\/\/www.instagram.com\/polonorama\/\"]}]}<\/script>\n<!-- \/ Yoast SEO plugin. -->","yoast_head_json":{"title":"\u03a0\u03c1\u03b1\u03ba\u03c4\u03b9\u03ba\u03ae \u0386\u03c3\u03ba\u03b7\u03c3\u03b7 \u03ba\u03b1\u03b9 \u039c\u03b1\u03b8\u03b7\u03c4\u03b5\u03af\u03b1 - Polonorama","robots":{"index":"index","follow":"follow","max-snippet":"max-snippet:-1","max-image-preview":"max-image-preview:large","max-video-preview":"max-video-preview:-1"},"canonical":"https:\/\/polonorama.com\/el\/sxetika-me-emas\/praktiki-askisi-kai-mathiteia\/","og_locale":"el_GR","og_type":"article","og_title":"\u03a0\u03c1\u03b1\u03ba\u03c4\u03b9\u03ba\u03ae \u0386\u03c3\u03ba\u03b7\u03c3\u03b7 \u03ba\u03b1\u03b9 \u039c\u03b1\u03b8\u03b7\u03c4\u03b5\u03af\u03b1 - Polonorama","og_url":"https:\/\/polonorama.com\/el\/sxetika-me-emas\/praktiki-askisi-kai-mathiteia\/","og_site_name":"Polonorama","article_publisher":"https:\/\/www.facebook.com\/polonorama\/","article_modified_time":"2023-12-20T13:43:32+00:00","og_image":[{"url":"https:\/\/polonorama.com\/wp-content\/uploads\/2022\/02\/praktyki-staz2.jpg","type":"","width":"","height":""}],"twitter_card":"summary_large_image","twitter_site":"@polonorama","twitter_misc":{"\u0395\u03ba\u03c4\u03b9\u03bc\u03ce\u03bc\u03b5\u03bd\u03bf\u03c2 \u03c7\u03c1\u03cc\u03bd\u03bf\u03c2 \u03b1\u03bd\u03ac\u03b3\u03bd\u03c9\u03c3\u03b7\u03c2":"3 \u03bb\u03b5\u03c0\u03c4\u03ac"},"schema":{"@context":"https:\/\/schema.org","@graph":[{"@type":"WebPage","@id":"https:\/\/polonorama.com\/el\/sxetika-me-emas\/praktiki-askisi-kai-mathiteia\/","url":"https:\/\/polonorama.com\/el\/sxetika-me-emas\/praktiki-askisi-kai-mathiteia\/","name":"\u03a0\u03c1\u03b1\u03ba\u03c4\u03b9\u03ba\u03ae \u0386\u03c3\u03ba\u03b7\u03c3\u03b7 \u03ba\u03b1\u03b9 \u039c\u03b1\u03b8\u03b7\u03c4\u03b5\u03af\u03b1 - Polonorama","isPartOf":{"@id":"https:\/\/polonorama.com\/#website"},"primaryImageOfPage":{"@id":"https:\/\/polonorama.com\/el\/sxetika-me-emas\/praktiki-askisi-kai-mathiteia\/#primaryimage"},"image":{"@id":"https:\/\/polonorama.com\/el\/sxetika-me-emas\/praktiki-askisi-kai-mathiteia\/#primaryimage"},"thumbnailUrl":"https:\/\/polonorama.com\/wp-content\/uploads\/2022\/02\/praktyki-staz2.jpg","datePublished":"2023-12-20T13:42:32+00:00","dateModified":"2023-12-20T13:43:32+00:00","breadcrumb":{"@id":"https:\/\/polonorama.com\/el\/sxetika-me-emas\/praktiki-askisi-kai-mathiteia\/#breadcrumb"},"inLanguage":"el","potentialAction":[{"@type":"ReadAction","target":["https:\/\/polonorama.com\/el\/sxetika-me-emas\/praktiki-askisi-kai-mathiteia\/"]}]},{"@type":"ImageObject","inLanguage":"el","@id":"https:\/\/polonorama.com\/el\/sxetika-me-emas\/praktiki-askisi-kai-mathiteia\/#primaryimage","url":"https:\/\/polonorama.com\/wp-content\/uploads\/2022\/02\/praktyki-staz2.jpg","contentUrl":"https:\/\/polonorama.com\/wp-content\/uploads\/2022\/02\/praktyki-staz2.jpg"},{"@type":"BreadcrumbList","@id":"https:\/\/polonorama.com\/el\/sxetika-me-emas\/praktiki-askisi-kai-mathiteia\/#breadcrumb","itemListElement":[{"@type":"ListItem","position":1,"name":"Strona g\u0142\u00f3wna","item":"https:\/\/polonorama.com\/el\/archiki\/"},{"@type":"ListItem","position":2,"name":"\u03a3\u03c7\u03b5\u03c4\u03b9\u03ba\u03ac \u03bc\u03b5 \u03b5\u03bc\u03ac\u03c2","item":"https:\/\/polonorama.com\/el\/sxetika-me-emas\/"},{"@type":"ListItem","position":3,"name":"\u03a0\u03c1\u03b1\u03ba\u03c4\u03b9\u03ba\u03ae \u0386\u03c3\u03ba\u03b7\u03c3\u03b7 \u03ba\u03b1\u03b9 \u039c\u03b1\u03b8\u03b7\u03c4\u03b5\u03af\u03b1"}]},{"@type":"WebSite","@id":"https:\/\/polonorama.com\/#website","url":"https:\/\/polonorama.com\/","name":"Polonorama","description":"Portal Polonii Greckiej","publisher":{"@id":"https:\/\/polonorama.com\/#organization"},"potentialAction":[{"@type":"SearchAction","target":{"@type":"EntryPoint","urlTemplate":"https:\/\/polonorama.com\/?s={search_term_string}"},"query-input":{"@type":"PropertyValueSpecification","valueRequired":true,"valueName":"search_term_string"}}],"inLanguage":"el"},{"@type":"Organization","@id":"https:\/\/polonorama.com\/#organization","name":"Polonorama","url":"https:\/\/polonorama.com\/","logo":{"@type":"ImageObject","inLanguage":"el","@id":"https:\/\/polonorama.com\/#\/schema\/logo\/image\/","url":"https:\/\/polonorama.com\/wp-content\/uploads\/2019\/04\/polonorama-logo.png","contentUrl":"https:\/\/polonorama.com\/wp-content\/uploads\/2019\/04\/polonorama-logo.png","width":407,"height":80,"caption":"Polonorama"},"image":{"@id":"https:\/\/polonorama.com\/#\/schema\/logo\/image\/"},"sameAs":["https:\/\/www.facebook.com\/polonorama\/","https:\/\/x.com\/polonorama","https:\/\/www.instagram.com\/polonorama\/"]}]}},"_links":{"self":[{"href":"https:\/\/polonorama.com\/el\/wp-json\/wp\/v2\/pages\/41630","targetHints":{"allow":["GET"]}}],"collection":[{"href":"https:\/\/polonorama.com\/el\/wp-json\/wp\/v2\/pages"}],"about":[{"href":"https:\/\/polonorama.com\/el\/wp-json\/wp\/v2\/types\/page"}],"author":[{"embeddable":true,"href":"https:\/\/polonorama.com\/el\/wp-json\/wp\/v2\/users\/14"}],"replies":[{"embeddable":true,"href":"https:\/\/polonorama.com\/el\/wp-json\/wp\/v2\/comments?post=41630"}],"version-history":[{"count":0,"href":"https:\/\/polonorama.com\/el\/wp-json\/wp\/v2\/pages\/41630\/revisions"}],"up":[{"embeddable":true,"href":"https:\/\/polonorama.com\/el\/wp-json\/wp\/v2\/pages\/13564"}],"wp:attachment":[{"href":"https:\/\/polonorama.com\/el\/wp-json\/wp\/v2\/media?parent=41630"}],"curies":[{"name":"wp","href":"https:\/\/api.w.org\/{rel}","templated":true}]}}