{"id":41605,"date":"2023-12-20T13:58:49","date_gmt":"2023-12-20T12:58:49","guid":{"rendered":"https:\/\/polonorama.com\/?page_id=41605"},"modified":"2025-01-02T19:01:54","modified_gmt":"2025-01-02T18:01:54","slug":"prosopika-dedomena","status":"publish","type":"page","link":"https:\/\/polonorama.com\/el\/sxetika-me-emas\/prosopika-dedomena\/","title":{"rendered":"\u03a0\u03c1\u03bf\u03c3\u03c9\u03c0\u03b9\u03ba\u03ac \u03b4\u03b5\u03b4\u03bf\u03bc\u03ad\u03bd\u03b1"},"content":{"rendered":"<div class=\"wpb-content-wrapper\"><div id=\"tdi_1\" class=\"tdc-row\"><div class=\"vc_row tdi_2  wpb_row td-pb-row\" >\n<style scoped>\n\/* custom css - generated by TagDiv Composer *\/\n\n\/* custom css - generated by TagDiv Composer *\/\n.tdi_2,\r\n                .tdi_2 .tdc-columns{\r\n                    min-height: 0;\r\n                }.tdi_2,\r\n\t\t\t\t.tdi_2 .tdc-columns{\r\n\t\t\t\t    display: block;\r\n\t\t\t\t}.tdi_2 .tdc-columns{\r\n\t\t\t\t    width: 100%;\r\n\t\t\t\t}.tdi_2:before,\r\n\t\t\t\t.tdi_2:after{\r\n\t\t\t\t    display: table;\r\n\t\t\t\t}\n<\/style><div class=\"vc_column tdi_4  wpb_column vc_column_container tdc-column td-pb-span12\">\n<style scoped>\n\/* custom css - generated by TagDiv Composer *\/\n\n\/* custom css - generated by TagDiv Composer *\/\n.tdi_4{\r\n                    vertical-align: baseline;\r\n                }.tdi_4 > .wpb_wrapper,\r\n\t\t\t\t.tdi_4 > .wpb_wrapper > .tdc-elements{\r\n\t\t\t\t    display: block;\r\n\t\t\t\t}.tdi_4 > .wpb_wrapper > .tdc-elements{\r\n\t\t\t\t    width: 100%;\r\n\t\t\t\t}.tdi_4 > .wpb_wrapper > .vc_row_inner{\r\n\t\t\t\t    width: auto;\r\n\t\t\t\t}.tdi_4 > .wpb_wrapper{\r\n\t\t\t\t    width: auto;\r\n\t\t\t\t    height: auto;\r\n\t\t\t\t}\n<\/style><div class=\"wpb_wrapper\" >[vc_column_text]\r\n<h3>Dane osobowe<\/h3>\r\nPortal Polonorama.com przywi\u0105zuje szczeg\u00f3ln\u0105 wag\u0119 do ochrony prywatno\u015bci u\u017cytkownik\u00f3w Serwisu i bezpiecze\u0144stwa przetwarzania ich danych osobowych.\r\n\r\nDane osobowe podlegaj\u0105 ochronie zgodnie z przepisami ustawy z dnia 29 sierpnia 1997 r. o ochronie danych osobowych oraz Rozporz\u0105dzenia Parlamentu Europejskiego i Rady (UE) 2016\/679 z dnia 27 kwietnia 2016 r. w sprawie ochrony os\u00f3b fizycznych w zwi\u0105zku z przetwarzaniem danych osobowych i ich swobodnego przep\u0142ywu (RODO) ang. GDPR.\r\n\r\nNiniejsza Polityka Prywatno\u015bci pozwoli u\u017cytkownikom portalu Polonorama.com zrozumie\u0107 w jaki spos\u00f3b s\u0105 przez nas gromadzone, wykorzystywane i przetwarzane informacje, kt\u00f3re u\u017cytkownicy mog\u0105 poda\u0107 w trakcie korzystania z naszej witryny.\r\n<h3>Gromadzenie i wykorzystywanie informacji<\/h3>\r\nPortal nie zbiera w spos\u00f3b automatyczny \u017cadnych informacji, z wyj\u0105tkiem informacji zawartych w plikach cookies.\r\n\r\nSzanujemy prawo do prywatno\u015bci i dbamy o bezpiecze\u0144stwo danych. W tym celu u\u017cywany jest m.in. bezpieczny protok\u00f3\u0142 szyfrowania komunikacji (SSL).\r\n<h3>Formularze kontaktowe<\/h3>\r\nDane dodane w formularzu kontaktowym za pomoc\u0105 strony internetowej tj. imi\u0119 i nazwisko, telefon, email wykorzystane zostan\u0105 w celu udzielenia odpowiedzi na zadawane pytania i w zale\u017cno\u015bci od tre\u015bci zapytania przedstawienia oferty. Dane osobowe zatem nie b\u0119d\u0105 ujawniane lub udost\u0119pniane osobom trzecim.\r\n\r\nDane osobowe u\u017cytkownik\u00f3w Serwisu zawarte w formularzu wpisu np. Katalogu Firm czy Og\u0142oszenia (imi\u0119 i nazwisko, telefon, email, osoba kontaktowa) przetwarzane b\u0119d\u0105 przez Polonorama wy\u0142\u0105cznie w celach realizacji us\u0142ug \u015bwiadczonych w Serwisie i w celach wskazanych w formularzach kontaktowych dotycz\u0105cych konkretnych us\u0142ug Serwisu.\r\n<h3>Pozosta\u0142e dane<\/h3>\r\nJe\u015bli zdecydujesz si\u0119 na udzia\u0142 w organizowanych przez nas konkursach czy ankietach i przeka\u017cesz nam w zwi\u0105zku z tym Twoje dane, w\u00f3wczas b\u0119dziemy je przetwarzali w celu przeprowadzenia danej akcji, w celu wy\u0142onienia laureat\u00f3w i przyznania im nagr\u00f3d.\r\n\r\nJe\u017celi nabywamy od Ciebie prawo (np. prawo autorskie lub licencj\u0119), w\u00f3wczas b\u0119dziemy przetwarza\u0107 Twoje dane przez ca\u0142y okres, w kt\u00f3rym przys\u0142uguje nam to prawo lub z niego korzystamy.\r\n<h3>Linki do innych stron internetowych<\/h3>\r\nStrona polonorama.com zawiera linki odsy\u0142aj\u0105ce do innych stron (witryn), kt\u00f3re nie s\u0105 kontrolowane przez ni\u0105, ale przez ich w\u0142a\u015bcicieli (osoby fizyczne lub prawne). W \u017cadnym przypadku Polonorama nie ponosi odpowiedzialno\u015bci za zasady zachowania prywatno\u015bci obowi\u0105zuj\u0105ce na tych stronach.\r\n<h3>Dost\u0119p do danych, ich poprawianie i usuwanie<\/h3>\r\nZgodne z obowi\u0105zuj\u0105cym prawem RODO (GDPR) masz prawo \u017c\u0105da\u0107 wgl\u0105du, poprawiania i usuwania swoich danych.\r\n\r\nWiedz jednak, \u017ce portal Polonorama.com:\r\n\u2022 nie gromadzi danych osobowych przekazanych poprzez formularz online.\r\n\u2022 nie przetwarza danych osobowych za pomoc\u0105 umieszczonych plik\u00f3w cookie.\r\n\r\nAby u\u015bci\u015bli\u0107, uaktualni\u0107, uzupe\u0142ni\u0107 b\u0105d\u017a usun\u0105\u0107 dane przekazane przez u\u017cytkownik\u00f3w za po\u015brednictwem naszego portalu, prosimy skontaktowa\u0107 si\u0119 z nami poprzez email: info@polonorama.com , a my podejmiemy w\u0142a\u015bciwe dzia\u0142ania maj\u0105ce na celu zaktualizowanie lub skorygowanie wszelkich posiadanych przez nas informacji tego typu lub usuni\u0119cie Pa\u0144stwa danych.\r\n\r\nTwoje dane przetwarzane b\u0119d\u0105 do czasu istnienia podstawy do ich przetwarzania, czyli w przypadku udzielenia zgody do momentu jej cofni\u0119cia, ograniczenia lub innych dzia\u0142a\u0144 z Twojej strony ograniczaj\u0105cych t\u0119 zgod\u0119.\r\n<h3>Cookies<\/h3>\r\nCookie to dane przechowywane na dysku twardym u\u017cytkownika, zawieraj\u0105ce informacje o u\u017cytkowniku. Korzystanie z plik\u00f3w cookie zapewnia korzy\u015bci dla u\u017cytkownika i w \u017caden spos\u00f3b nie jest powi\u0105zane z \u017cadnymi informacjami umo\u017cliwiaj\u0105cymi identyfikacj\u0119 u\u017cytkownika podczas korzystania z naszej witryny.\r\nWi\u0119kszo\u015b\u0107 przegl\u0105darek oferuje mo\u017cliwo\u015b\u0107 akceptowania lub odrzucania wszystkich plik\u00f3w cookies, akceptowania tylko niekt\u00f3rych rodzaj\u00f3w albo informowania u\u017cytkownika za ka\u017cdym razem, gdy strona internetowa pr\u00f3buje je zapisa\u0107. U\u017cytkownik mo\u017ce r\u00f3wnie\u017c z \u0142atwo\u015bci\u0105 usuwa\u0107 pliki cookies, kt\u00f3re zosta\u0142y ju\u017c zapisane na urz\u0105dzeniu przez przegl\u0105dark\u0119. Zarz\u0105dzanie i usuwanie plik\u00f3w cookies r\u00f3\u017cni si\u0119 w zale\u017cno\u015bci od u\u017cywanej przegl\u0105darki.\r\n\r\nSzczeg\u00f3\u0142owe informacje o zarz\u0105dzaniu plikami cookies dla niekt\u00f3rych przegl\u0105darek:\r\n\u2022 Firefox,\r\n\u2022 Chrome,\r\n\u2022 Internet Explorer,\r\n\u2022 Safari,\r\n\u2022 Opera.\r\n\r\nDla urz\u0105dze\u0144 mobilnych:\r\n\u2022 Android\r\n\u2022 iOS\r\n\u2022 Windows Phone\r\n\r\nInformacje o tym, jak Google u\u017cywa danych z witryn i aplikacji, s\u0105 zamieszczone tutaj: https:\/\/policies.google.com\/technologies\/partner-sites\r\n\r\nPami\u0119taj jednak, \u017ce je\u017celi zablokujesz u\u017cywane przez nas ciasteczka, mo\u017ce to negatywnie wp\u0142yn\u0105\u0107 na wygod\u0119 korzystania ze strony Polonia.nl, na przyk\u0142ad mo\u017cesz nie by\u0107 w stanie odwiedzi\u0107 pewnych obszar\u00f3w portalu Polonorama.com b\u0105d\u017a nie otrzymywa\u0107 spersonalizowanych informacji podczas ich przegl\u0105dania. Uniemo\u017cliwisz nam tak\u017ce zbieranie anonimowych informacji nt. u\u017cywania naszych stron w celu sta\u0142ego poprawiania zawarto\u015bci strony www.polonorama.com.\r\n<h3>Google Analytics<\/h3>\r\nPolonorama korzysta z Google Analytics, us\u0142ugi analizy ogl\u0105dalno\u015bci stron internetowych udost\u0119pnianej przez Google, a wykorzystuj\u0105cej informacje generowane przez cookie na temat korzystania z tej strony. Aktywowali\u015bmy funkcj\u0119 anonimizacji adresu IP. Dzi\u0119ki niej Google skr\u00f3ci Pa\u0144stwa adres IP w obr\u0119bie Pa\u0144stw Cz\u0142onkowskich Unii Europejskiej lub innych pa\u0144stw nale\u017c\u0105cych do Uk\u0142adu o Europejskim Obszarze Gospodarczym przed jego przes\u0142aniem do USA. Adres IP przekazywany przez przegl\u0105dark\u0119 internetow\u0105 nie jest w ramach Google Analytics \u0142\u0105czony z innymi danymi Google.\r\nW zakresie informacji o preferencjach u\u017cytkownika gromadzonych przez sie\u0107 reklamow\u0105 Google u\u017cytkownik mo\u017ce przegl\u0105da\u0107 i edytowa\u0107 informacje wynikaj\u0105ce z plik\u00f3w cookies przy pomocy narz\u0119dzia: https:\/\/www.google.com\/ads\/preferences\/\r\nMo\u017cna r\u00f3wnie\u017c uniemo\u017cliwi\u0107 Google gromadzenie danych uzyskanych za pomoc\u0105 ciasteczek w zwi\u0105zku z korzystaniem ze strony (w tym adres IP) i zablokowa\u0107 przetwarzanie tych danych przez Google poprzez pobranie i instalacj\u0119 wtyczki przegl\u0105darki dost\u0119pnej po klikni\u0119ciu w nast\u0119puj\u0105cy link: tools.google.com\/dlpage\/gaoptout\r\n<h3>Narz\u0119dzia spo\u0142eczno\u015bciowe<\/h3>\r\nZapewniamy mo\u017cliwo\u015b\u0107 korzystania z funkcji spo\u0142eczno\u015bciowych, takich jak udost\u0119pnianie tre\u015bci w serwisach spo\u0142eczno\u015bciowych. Korzystanie z tych funkcji wi\u0105\u017ce si\u0119 z wykorzystywaniem plik\u00f3w cookies administrator\u00f3w serwis\u00f3w spo\u0142eczno\u015bciowych takich jak Facebook, YouTube, Twitter, Google+, Instagram,\r\nZapewniamy mo\u017cliwo\u015b\u0107 korzystania na stronie z systemu komentarzy Disqus. Wi\u0105\u017ce si\u0119 to z wykorzystywaniem plik\u00f3w cookies firmy Disqus.\r\n\r\nKorzystanie z serwisu. Korzystaj\u0105c z portalu Polonorama.com oznacza przyj\u0119cie przez u\u017cytkownika warunk\u00f3w niniejszej polityki prywatno\u015bci i zachowania poufno\u015bci. Za ka\u017cdym razem przy przekazywaniu informacji za po\u015brednictwem niniejszego serwisu wyra\u017ca u\u017cytkownik zgod\u0119 na zbieranie, wykorzystywanie i ujawnianie tych informacji zgodnie z niniejsz\u0105 polityk\u0105 prywatno\u015bci i cookies.\r\n<h3>Zmiany polityki prywatno\u015bci<\/h3>\r\nPolonorama zastrzega sobie prawo do wprowadzania zmian w niniejszej Polityce Prywatno\u015bci. Zalecamy regularne sprawdzanie naszej Polityki Prywatno\u015bci.\r\n\r\nPytania i w\u0105tpliwo\u015bci w zakresie polityki prywatno\u015bci u\u017cytkownicy Serwisu mog\u0105 zg\u0142asza\u0107 poprzez adres e-mail: info@polonoram.com\r\n\r\nNiniejsza Polityka prywatno\u015bci i cookies zosta\u0142a zaktualizowana w dniu 12.10.2019 r.[\/vc_column_text]<\/div><\/div><\/div><\/div><\/div>","protected":false},"excerpt":{"rendered":"[vc_column_text] Dane osobowe Portal Polonorama.com przywi\u0105zuje szczeg\u00f3ln\u0105 wag\u0119 do ochrony prywatno\u015bci u\u017cytkownik\u00f3w Serwisu i bezpiecze\u0144stwa przetwarzania ich danych osobowych. Dane osobowe podlegaj\u0105 ochronie zgodnie z przepisami ustawy z dnia 29 sierpnia 1997 r. o ochronie danych osobowych oraz Rozporz\u0105dzenia Parlamentu Europejskiego i Rady (UE) 2016\/679 z dnia 27 kwietnia 2016 r. w sprawie ochrony os\u00f3b [...]","protected":false},"author":14,"featured_media":0,"parent":13564,"menu_order":0,"comment_status":"closed","ping_status":"closed","template":"page-pagebuilder-title.php","meta":{"footnotes":""},"class_list":["post-41605","page","type-page","status-publish"],"yoast_head":"<!-- This site is optimized with the Yoast SEO plugin v24.7 - https:\/\/yoast.com\/wordpress\/plugins\/seo\/ -->\n<title>\u03a0\u03c1\u03bf\u03c3\u03c9\u03c0\u03b9\u03ba\u03ac \u03b4\u03b5\u03b4\u03bf\u03bc\u03ad\u03bd\u03b1 - Polonorama<\/title>\n<meta name=\"robots\" content=\"index, follow, max-snippet:-1, max-image-preview:large, max-video-preview:-1\" \/>\n<link rel=\"canonical\" href=\"https:\/\/polonorama.com\/el\/sxetika-me-emas\/prosopika-dedomena\/\" \/>\n<meta property=\"og:locale\" content=\"el_GR\" \/>\n<meta property=\"og:type\" content=\"article\" \/>\n<meta property=\"og:title\" content=\"\u03a0\u03c1\u03bf\u03c3\u03c9\u03c0\u03b9\u03ba\u03ac \u03b4\u03b5\u03b4\u03bf\u03bc\u03ad\u03bd\u03b1 - Polonorama\" \/>\n<meta property=\"og:url\" content=\"https:\/\/polonorama.com\/el\/sxetika-me-emas\/prosopika-dedomena\/\" \/>\n<meta property=\"og:site_name\" content=\"Polonorama\" \/>\n<meta property=\"article:publisher\" content=\"https:\/\/www.facebook.com\/polonorama\/\" \/>\n<meta property=\"article:modified_time\" content=\"2025-01-02T18:01:54+00:00\" \/>\n<meta name=\"twitter:card\" content=\"summary_large_image\" \/>\n<meta name=\"twitter:site\" content=\"@polonorama\" \/>\n<meta name=\"twitter:label1\" content=\"\u0395\u03ba\u03c4\u03b9\u03bc\u03ce\u03bc\u03b5\u03bd\u03bf\u03c2 \u03c7\u03c1\u03cc\u03bd\u03bf\u03c2 \u03b1\u03bd\u03ac\u03b3\u03bd\u03c9\u03c3\u03b7\u03c2\" \/>\n\t<meta name=\"twitter:data1\" content=\"5 \u03bb\u03b5\u03c0\u03c4\u03ac\" \/>\n<script type=\"application\/ld+json\" class=\"yoast-schema-graph\">{\"@context\":\"https:\/\/schema.org\",\"@graph\":[{\"@type\":\"WebPage\",\"@id\":\"https:\/\/polonorama.com\/el\/sxetika-me-emas\/prosopika-dedomena\/\",\"url\":\"https:\/\/polonorama.com\/el\/sxetika-me-emas\/prosopika-dedomena\/\",\"name\":\"\u03a0\u03c1\u03bf\u03c3\u03c9\u03c0\u03b9\u03ba\u03ac \u03b4\u03b5\u03b4\u03bf\u03bc\u03ad\u03bd\u03b1 - Polonorama\",\"isPartOf\":{\"@id\":\"https:\/\/polonorama.com\/#website\"},\"datePublished\":\"2023-12-20T12:58:49+00:00\",\"dateModified\":\"2025-01-02T18:01:54+00:00\",\"breadcrumb\":{\"@id\":\"https:\/\/polonorama.com\/el\/sxetika-me-emas\/prosopika-dedomena\/#breadcrumb\"},\"inLanguage\":\"el\",\"potentialAction\":[{\"@type\":\"ReadAction\",\"target\":[\"https:\/\/polonorama.com\/el\/sxetika-me-emas\/prosopika-dedomena\/\"]}]},{\"@type\":\"BreadcrumbList\",\"@id\":\"https:\/\/polonorama.com\/el\/sxetika-me-emas\/prosopika-dedomena\/#breadcrumb\",\"itemListElement\":[{\"@type\":\"ListItem\",\"position\":1,\"name\":\"Strona g\u0142\u00f3wna\",\"item\":\"https:\/\/polonorama.com\/el\/archiki\/\"},{\"@type\":\"ListItem\",\"position\":2,\"name\":\"\u03a3\u03c7\u03b5\u03c4\u03b9\u03ba\u03ac \u03bc\u03b5 \u03b5\u03bc\u03ac\u03c2\",\"item\":\"https:\/\/polonorama.com\/el\/sxetika-me-emas\/\"},{\"@type\":\"ListItem\",\"position\":3,\"name\":\"\u03a0\u03c1\u03bf\u03c3\u03c9\u03c0\u03b9\u03ba\u03ac \u03b4\u03b5\u03b4\u03bf\u03bc\u03ad\u03bd\u03b1\"}]},{\"@type\":\"WebSite\",\"@id\":\"https:\/\/polonorama.com\/#website\",\"url\":\"https:\/\/polonorama.com\/\",\"name\":\"Polonorama\",\"description\":\"Portal Polonii Greckiej\",\"publisher\":{\"@id\":\"https:\/\/polonorama.com\/#organization\"},\"potentialAction\":[{\"@type\":\"SearchAction\",\"target\":{\"@type\":\"EntryPoint\",\"urlTemplate\":\"https:\/\/polonorama.com\/?s={search_term_string}\"},\"query-input\":{\"@type\":\"PropertyValueSpecification\",\"valueRequired\":true,\"valueName\":\"search_term_string\"}}],\"inLanguage\":\"el\"},{\"@type\":\"Organization\",\"@id\":\"https:\/\/polonorama.com\/#organization\",\"name\":\"Polonorama\",\"url\":\"https:\/\/polonorama.com\/\",\"logo\":{\"@type\":\"ImageObject\",\"inLanguage\":\"el\",\"@id\":\"https:\/\/polonorama.com\/#\/schema\/logo\/image\/\",\"url\":\"https:\/\/polonorama.com\/wp-content\/uploads\/2019\/04\/polonorama-logo.png\",\"contentUrl\":\"https:\/\/polonorama.com\/wp-content\/uploads\/2019\/04\/polonorama-logo.png\",\"width\":407,\"height\":80,\"caption\":\"Polonorama\"},\"image\":{\"@id\":\"https:\/\/polonorama.com\/#\/schema\/logo\/image\/\"},\"sameAs\":[\"https:\/\/www.facebook.com\/polonorama\/\",\"https:\/\/x.com\/polonorama\",\"https:\/\/www.instagram.com\/polonorama\/\"]}]}<\/script>\n<!-- \/ Yoast SEO plugin. -->","yoast_head_json":{"title":"\u03a0\u03c1\u03bf\u03c3\u03c9\u03c0\u03b9\u03ba\u03ac \u03b4\u03b5\u03b4\u03bf\u03bc\u03ad\u03bd\u03b1 - Polonorama","robots":{"index":"index","follow":"follow","max-snippet":"max-snippet:-1","max-image-preview":"max-image-preview:large","max-video-preview":"max-video-preview:-1"},"canonical":"https:\/\/polonorama.com\/el\/sxetika-me-emas\/prosopika-dedomena\/","og_locale":"el_GR","og_type":"article","og_title":"\u03a0\u03c1\u03bf\u03c3\u03c9\u03c0\u03b9\u03ba\u03ac \u03b4\u03b5\u03b4\u03bf\u03bc\u03ad\u03bd\u03b1 - Polonorama","og_url":"https:\/\/polonorama.com\/el\/sxetika-me-emas\/prosopika-dedomena\/","og_site_name":"Polonorama","article_publisher":"https:\/\/www.facebook.com\/polonorama\/","article_modified_time":"2025-01-02T18:01:54+00:00","twitter_card":"summary_large_image","twitter_site":"@polonorama","twitter_misc":{"\u0395\u03ba\u03c4\u03b9\u03bc\u03ce\u03bc\u03b5\u03bd\u03bf\u03c2 \u03c7\u03c1\u03cc\u03bd\u03bf\u03c2 \u03b1\u03bd\u03ac\u03b3\u03bd\u03c9\u03c3\u03b7\u03c2":"5 \u03bb\u03b5\u03c0\u03c4\u03ac"},"schema":{"@context":"https:\/\/schema.org","@graph":[{"@type":"WebPage","@id":"https:\/\/polonorama.com\/el\/sxetika-me-emas\/prosopika-dedomena\/","url":"https:\/\/polonorama.com\/el\/sxetika-me-emas\/prosopika-dedomena\/","name":"\u03a0\u03c1\u03bf\u03c3\u03c9\u03c0\u03b9\u03ba\u03ac \u03b4\u03b5\u03b4\u03bf\u03bc\u03ad\u03bd\u03b1 - Polonorama","isPartOf":{"@id":"https:\/\/polonorama.com\/#website"},"datePublished":"2023-12-20T12:58:49+00:00","dateModified":"2025-01-02T18:01:54+00:00","breadcrumb":{"@id":"https:\/\/polonorama.com\/el\/sxetika-me-emas\/prosopika-dedomena\/#breadcrumb"},"inLanguage":"el","potentialAction":[{"@type":"ReadAction","target":["https:\/\/polonorama.com\/el\/sxetika-me-emas\/prosopika-dedomena\/"]}]},{"@type":"BreadcrumbList","@id":"https:\/\/polonorama.com\/el\/sxetika-me-emas\/prosopika-dedomena\/#breadcrumb","itemListElement":[{"@type":"ListItem","position":1,"name":"Strona g\u0142\u00f3wna","item":"https:\/\/polonorama.com\/el\/archiki\/"},{"@type":"ListItem","position":2,"name":"\u03a3\u03c7\u03b5\u03c4\u03b9\u03ba\u03ac \u03bc\u03b5 \u03b5\u03bc\u03ac\u03c2","item":"https:\/\/polonorama.com\/el\/sxetika-me-emas\/"},{"@type":"ListItem","position":3,"name":"\u03a0\u03c1\u03bf\u03c3\u03c9\u03c0\u03b9\u03ba\u03ac \u03b4\u03b5\u03b4\u03bf\u03bc\u03ad\u03bd\u03b1"}]},{"@type":"WebSite","@id":"https:\/\/polonorama.com\/#website","url":"https:\/\/polonorama.com\/","name":"Polonorama","description":"Portal Polonii Greckiej","publisher":{"@id":"https:\/\/polonorama.com\/#organization"},"potentialAction":[{"@type":"SearchAction","target":{"@type":"EntryPoint","urlTemplate":"https:\/\/polonorama.com\/?s={search_term_string}"},"query-input":{"@type":"PropertyValueSpecification","valueRequired":true,"valueName":"search_term_string"}}],"inLanguage":"el"},{"@type":"Organization","@id":"https:\/\/polonorama.com\/#organization","name":"Polonorama","url":"https:\/\/polonorama.com\/","logo":{"@type":"ImageObject","inLanguage":"el","@id":"https:\/\/polonorama.com\/#\/schema\/logo\/image\/","url":"https:\/\/polonorama.com\/wp-content\/uploads\/2019\/04\/polonorama-logo.png","contentUrl":"https:\/\/polonorama.com\/wp-content\/uploads\/2019\/04\/polonorama-logo.png","width":407,"height":80,"caption":"Polonorama"},"image":{"@id":"https:\/\/polonorama.com\/#\/schema\/logo\/image\/"},"sameAs":["https:\/\/www.facebook.com\/polonorama\/","https:\/\/x.com\/polonorama","https:\/\/www.instagram.com\/polonorama\/"]}]}},"_links":{"self":[{"href":"https:\/\/polonorama.com\/el\/wp-json\/wp\/v2\/pages\/41605","targetHints":{"allow":["GET"]}}],"collection":[{"href":"https:\/\/polonorama.com\/el\/wp-json\/wp\/v2\/pages"}],"about":[{"href":"https:\/\/polonorama.com\/el\/wp-json\/wp\/v2\/types\/page"}],"author":[{"embeddable":true,"href":"https:\/\/polonorama.com\/el\/wp-json\/wp\/v2\/users\/14"}],"replies":[{"embeddable":true,"href":"https:\/\/polonorama.com\/el\/wp-json\/wp\/v2\/comments?post=41605"}],"version-history":[{"count":2,"href":"https:\/\/polonorama.com\/el\/wp-json\/wp\/v2\/pages\/41605\/revisions"}],"predecessor-version":[{"id":67037,"href":"https:\/\/polonorama.com\/el\/wp-json\/wp\/v2\/pages\/41605\/revisions\/67037"}],"up":[{"embeddable":true,"href":"https:\/\/polonorama.com\/el\/wp-json\/wp\/v2\/pages\/13564"}],"wp:attachment":[{"href":"https:\/\/polonorama.com\/el\/wp-json\/wp\/v2\/media?parent=41605"}],"curies":[{"name":"wp","href":"https:\/\/api.w.org\/{rel}","templated":true}]}}